{"id":224,"date":"2021-05-20T14:00:48","date_gmt":"2021-05-20T12:00:48","guid":{"rendered":"http:\/\/www.continget.ch\/?page_id=224"},"modified":"2025-08-19T15:40:35","modified_gmt":"2025-08-19T13:40:35","slug":"team-und-netzwerk","status":"publish","type":"page","link":"https:\/\/www.continget.ch\/?page_id=224","title":{"rendered":"Team &#038; Netzwerk"},"content":{"rendered":"<div id='av_section_1'  class='avia-section main_color avia-section-default avia-no-shadow  avia-full-stretch av-section-color-overlay-active avia-bg-style-fixed  avia-builder-el-0  el_before_av_one_half  avia-builder-el-first   av-minimum-height av-minimum-height-50  container_wrap fullsize' style='background-repeat: no-repeat; background-image: url(https:\/\/www.continget.ch\/wp-content\/uploads\/2015\/04\/dach1_1240x730_desaturatedv3.jpg);background-attachment: fixed; background-position: center center;  '  data-section-bg-repeat='stretch' data-av_minimum_height_pc='50'><div class='av-section-color-overlay-wrap'><div class='av-section-color-overlay' style='opacity: 0.7; background-color: #426284; '><\/div><div class='container' ><main  role=\"main\" itemprop=\"mainContentOfPage\"  class='template-page content  av-content-full alpha units'><div class='post-entry post-entry-type-page post-entry-224'><div class='entry-content-wrapper clearfix'>\n<section class=\"av_textblock_section \"  itemscope=\"itemscope\" itemtype=\"https:\/\/schema.org\/CreativeWork\" ><div class='avia_textblock  '   itemprop=\"text\" ><h1 style=\"text-align: center; margin-left: auto; margin-right: auto; max-width: 760px;\">Team &amp; Netzwerk<\/h1>\n<\/div><\/section>\n<div  style='height:10px' class='hr hr-invisible   avia-builder-el-2  el_after_av_textblock  el_before_av_textblock '><span class='hr-inner ' ><span class='hr-inner-style'><\/span><\/span><\/div>\n<section class=\"av_textblock_section \"  itemscope=\"itemscope\" itemtype=\"https:\/\/schema.org\/CreativeWork\" ><div class='avia_textblock  av_inherit_color '  style='color:#ffffff; '  itemprop=\"text\" ><p style=\"text-align: center; margin-left: auto; margin-right: auto; max-width: 760px;\">F\u00fcr Continget stehen Stefan Kessler, Marisa Duss, Sabine Steiger-Sackmann und Pascal Scholl. Ein hochkar\u00e4tiges Netzwerk weiterer Akteure kann aktiv einbezogen werden.<\/p>\n<\/div><\/section>\n<\/div><\/div><\/main><!-- close content main element --><\/div><\/div><\/div><div id='after_section_1'  class='main_color av_default_container_wrap container_wrap fullsize' style=' '  ><div class='container' ><div class='template-page content  av-content-full alpha units'><div class='post-entry post-entry-type-page post-entry-224'><div class='entry-content-wrapper clearfix'>\n<div class=\"flex_column av_one_half  flex_column_div av-zero-column-padding first  avia-builder-el-4  el_after_av_section  el_before_av_one_half  avia-builder-el-first  \" style='border-radius:0px; '><p><div  class='avia-image-container  av-styling-    avia-builder-el-5  el_before_av_textblock  avia-builder-el-first  avia-align-center '  itemprop=\"image\" itemscope=\"itemscope\" itemtype=\"https:\/\/schema.org\/ImageObject\"  ><div class='avia-image-container-inner'><div class='avia-image-overlay-wrap'><img decoding=\"async\" class='wp-image-550 avia-img-lazy-loading-not-550 avia_image' src=\"https:\/\/www.continget.ch\/wp-content\/uploads\/2021\/11\/Stefan_Kessler_Nah.jpg\" alt='' title='Stefan_Kessler_Nah' height=\"1200\" width=\"1600\"  itemprop=\"thumbnailUrl\" srcset=\"https:\/\/www.continget.ch\/wp-content\/uploads\/2021\/11\/Stefan_Kessler_Nah.jpg 1600w, https:\/\/www.continget.ch\/wp-content\/uploads\/2021\/11\/Stefan_Kessler_Nah-300x225.jpg 300w, https:\/\/www.continget.ch\/wp-content\/uploads\/2021\/11\/Stefan_Kessler_Nah-1030x773.jpg 1030w, https:\/\/www.continget.ch\/wp-content\/uploads\/2021\/11\/Stefan_Kessler_Nah-768x576.jpg 768w, https:\/\/www.continget.ch\/wp-content\/uploads\/2021\/11\/Stefan_Kessler_Nah-1536x1152.jpg 1536w, https:\/\/www.continget.ch\/wp-content\/uploads\/2021\/11\/Stefan_Kessler_Nah-1500x1125.jpg 1500w, https:\/\/www.continget.ch\/wp-content\/uploads\/2021\/11\/Stefan_Kessler_Nah-705x529.jpg 705w\" sizes=\"(max-width: 1600px) 100vw, 1600px\" \/><\/div><\/div><\/div><br \/>\n<section class=\"av_textblock_section \"  itemscope=\"itemscope\" itemtype=\"https:\/\/schema.org\/CreativeWork\" ><div class='avia_textblock  '  style='font-size:15px; '  itemprop=\"text\" ><p>Stefan Kessler hatte die grundlegende Idee zu Continget im Jahr 2014. Er ist Gesch\u00e4ftsf\u00fchrer und Hauptinhaber. Angaben zu Werdegang und Kompetenzen finden Sie im <a href=\"https:\/\/www.continget.ch\/wp-content\/uploads\/2025\/03\/Continget-Curriculum-Stefan-Kessler_2025.pdf\" target=\"_blank\" rel=\"noopener\">Curriculum<\/a>.<\/p>\n<\/div><\/section><\/p><\/div>\n<div class=\"flex_column av_one_half  flex_column_div av-zero-column-padding   avia-builder-el-7  el_after_av_one_half  el_before_av_one_half  \" style='border-radius:0px; '><p><div  class='avia-image-container  av-styling-    avia-builder-el-8  el_before_av_textblock  avia-builder-el-first  avia-align-center '  itemprop=\"image\" itemscope=\"itemscope\" itemtype=\"https:\/\/schema.org\/ImageObject\"  ><div class='avia-image-container-inner'><div class='avia-image-overlay-wrap'><img decoding=\"async\" class='wp-image-567 avia-img-lazy-loading-not-567 avia_image' src=\"https:\/\/www.continget.ch\/wp-content\/uploads\/2022\/09\/Continget_Marisa-Duss-2.jpg\" alt='' title='Continget_Marisa-Duss' height=\"1200\" width=\"1600\"  itemprop=\"thumbnailUrl\" srcset=\"https:\/\/www.continget.ch\/wp-content\/uploads\/2022\/09\/Continget_Marisa-Duss-2.jpg 1600w, https:\/\/www.continget.ch\/wp-content\/uploads\/2022\/09\/Continget_Marisa-Duss-2-300x225.jpg 300w, https:\/\/www.continget.ch\/wp-content\/uploads\/2022\/09\/Continget_Marisa-Duss-2-1030x773.jpg 1030w, https:\/\/www.continget.ch\/wp-content\/uploads\/2022\/09\/Continget_Marisa-Duss-2-768x576.jpg 768w, https:\/\/www.continget.ch\/wp-content\/uploads\/2022\/09\/Continget_Marisa-Duss-2-1536x1152.jpg 1536w, https:\/\/www.continget.ch\/wp-content\/uploads\/2022\/09\/Continget_Marisa-Duss-2-1500x1125.jpg 1500w, https:\/\/www.continget.ch\/wp-content\/uploads\/2022\/09\/Continget_Marisa-Duss-2-705x529.jpg 705w\" sizes=\"(max-width: 1600px) 100vw, 1600px\" \/><\/div><\/div><\/div><br \/>\n<section class=\"av_textblock_section \"  itemscope=\"itemscope\" itemtype=\"https:\/\/schema.org\/CreativeWork\" ><div class='avia_textblock  '  style='font-size:15px; '  itemprop=\"text\" ><p>Marisa Duss verst\u00e4rkt das Continget-Team seit September 2022. Sie ber\u00e4t Unternehmen wie auch Einzelpersonen. Mit 17 Jahren Berufserfahrung als Case Managerin tr\u00e4gt sie auf der Einzelfall-Ebene entscheidend zu unserer Kompetenz bei &#8211; durch ihre OE-Weiterbildung tr\u00e4gt sie ihr Know-how auch in Organisationen und Teams. Mehr Angaben zu Person und Werdegang finden Sie im <a href=\"https:\/\/www.continget.ch\/wp-content\/uploads\/2023\/02\/Continget_Curriculum-Marisa-Duss_2023.pdf\" target=\"_blank\" rel=\"noopener\">Curriculum.<\/a><\/p>\n<\/div><\/section><\/p><\/div>\n<div class=\"flex_column av_one_half  flex_column_div av-zero-column-padding first  avia-builder-el-10  el_after_av_one_half  el_before_av_one_half  column-top-margin\" style='border-radius:0px; '><p><div  class='avia-image-container  av-styling-    avia-builder-el-11  el_before_av_textblock  avia-builder-el-first  avia-align-center '  itemprop=\"image\" itemscope=\"itemscope\" itemtype=\"https:\/\/schema.org\/ImageObject\"  ><div class='avia-image-container-inner'><div class='avia-image-overlay-wrap'><img decoding=\"async\" class='wp-image-554 avia-img-lazy-loading-not-554 avia_image' src=\"https:\/\/www.continget.ch\/wp-content\/uploads\/2021\/11\/Sabine-Steiger-Sackmann_Nah2.jpg\" alt='' title='Sabine-Steiger-Sackmann_Nah2' height=\"1200\" width=\"1600\"  itemprop=\"thumbnailUrl\" srcset=\"https:\/\/www.continget.ch\/wp-content\/uploads\/2021\/11\/Sabine-Steiger-Sackmann_Nah2.jpg 1600w, https:\/\/www.continget.ch\/wp-content\/uploads\/2021\/11\/Sabine-Steiger-Sackmann_Nah2-300x225.jpg 300w, https:\/\/www.continget.ch\/wp-content\/uploads\/2021\/11\/Sabine-Steiger-Sackmann_Nah2-1030x773.jpg 1030w, https:\/\/www.continget.ch\/wp-content\/uploads\/2021\/11\/Sabine-Steiger-Sackmann_Nah2-768x576.jpg 768w, https:\/\/www.continget.ch\/wp-content\/uploads\/2021\/11\/Sabine-Steiger-Sackmann_Nah2-1536x1152.jpg 1536w, https:\/\/www.continget.ch\/wp-content\/uploads\/2021\/11\/Sabine-Steiger-Sackmann_Nah2-1500x1125.jpg 1500w, https:\/\/www.continget.ch\/wp-content\/uploads\/2021\/11\/Sabine-Steiger-Sackmann_Nah2-705x529.jpg 705w\" sizes=\"(max-width: 1600px) 100vw, 1600px\" \/><\/div><\/div><\/div><br \/>\n<section class=\"av_textblock_section \"  itemscope=\"itemscope\" itemtype=\"https:\/\/schema.org\/CreativeWork\" ><div class='avia_textblock  '  style='font-size:15px; '  itemprop=\"text\" ><p>Sabine Steiger-Sackmann ist Dozentin f\u00fcr Arbeits- und Sozialversicherungsrecht an der ZHAW. Seit 2021 arbeitet sie bei Continget mit und sichert unseren Kundinnen und Kunden damit den Zugang zu spezifischem Rechtswissen rund ums Thema Arbeit &amp; Gesundheit. Mehr dazu auch im\u00a0<a href=\"https:\/\/www.continget.ch\/wp-content\/uploads\/2021\/12\/Continget_Curriculum-Sabine-Steiger-Sackmann_2021.pdf\" target=\"_blank\" rel=\"noopener\">Curriculum<\/a>.<\/p>\n<\/div><\/section><\/p><\/div><div class=\"flex_column av_one_half  flex_column_div av-zero-column-padding   avia-builder-el-13  el_after_av_one_half  el_before_av_hr  column-top-margin\" style='border-radius:0px; '><p><div  class='avia-image-container  av-styling-    avia-builder-el-14  el_before_av_textblock  avia-builder-el-first  avia-align-center '  itemprop=\"image\" itemscope=\"itemscope\" itemtype=\"https:\/\/schema.org\/ImageObject\"  ><div class='avia-image-container-inner'><div class='avia-image-overlay-wrap'><img decoding=\"async\" class='wp-image-552 avia-img-lazy-loading-not-552 avia_image' src=\"https:\/\/www.continget.ch\/wp-content\/uploads\/2021\/11\/Pascal_Scholl_Nah.jpg\" alt='' title='Pascal_Scholl_Nah' height=\"1200\" width=\"1600\"  itemprop=\"thumbnailUrl\" srcset=\"https:\/\/www.continget.ch\/wp-content\/uploads\/2021\/11\/Pascal_Scholl_Nah.jpg 1600w, https:\/\/www.continget.ch\/wp-content\/uploads\/2021\/11\/Pascal_Scholl_Nah-300x225.jpg 300w, https:\/\/www.continget.ch\/wp-content\/uploads\/2021\/11\/Pascal_Scholl_Nah-1030x773.jpg 1030w, https:\/\/www.continget.ch\/wp-content\/uploads\/2021\/11\/Pascal_Scholl_Nah-768x576.jpg 768w, https:\/\/www.continget.ch\/wp-content\/uploads\/2021\/11\/Pascal_Scholl_Nah-1536x1152.jpg 1536w, https:\/\/www.continget.ch\/wp-content\/uploads\/2021\/11\/Pascal_Scholl_Nah-1500x1125.jpg 1500w, https:\/\/www.continget.ch\/wp-content\/uploads\/2021\/11\/Pascal_Scholl_Nah-705x529.jpg 705w\" sizes=\"(max-width: 1600px) 100vw, 1600px\" \/><\/div><\/div><\/div><br \/>\n<section class=\"av_textblock_section \"  itemscope=\"itemscope\" itemtype=\"https:\/\/schema.org\/CreativeWork\" ><div class='avia_textblock  '  style='font-size:15px; '  itemprop=\"text\" ><p>Pascal Scholl hat sich als Leiter der Abteilung Personal und Organisation beim Kanton Aargau mit der (Re)Integration von Menschen in das Arbeitsleben besch\u00e4ftigt. Seit 2015 ist er aktiv bei Continget dabei. Mehr Informationen zu Erfahrungen und Kompetenzen im\u00a0<a href=\"https:\/\/www.continget.ch\/wp-content\/uploads\/2020\/03\/Continget-Curriculum-Pascal-Scholl_2020.pdf\" target=\"_blank\" rel=\"noopener\">Curriculum<\/a>.<\/p>\n<\/div><\/section><\/p><\/div><\/p>\n<div  style=' margin-top:20px; margin-bottom:20px;'  class='hr hr-custom hr-center hr-icon-no   avia-builder-el-16  el_after_av_one_half  el_before_av_textblock '><span class='hr-inner  inner-border-av-border-thin' style=' width:100%;' ><span class='hr-inner-style'><\/span><\/span><\/div>\n<section class=\"av_textblock_section \"  itemscope=\"itemscope\" itemtype=\"https:\/\/schema.org\/CreativeWork\" ><div class='avia_textblock  '   itemprop=\"text\" ><p>Continget\u00a0setzt auf qualitativ hochwertige, zuverl\u00e4ssig abrufbare und interdisziplin\u00e4re Netzwerkarbeit mit ausgesuchten Partnern.<\/p>\n<p>Neben unseren Kernkompetenzen im Team verf\u00fcgen wir \u00fcber gute Zug\u00e4nge zu Fachpersonen und Organisationen in Bereichen wie der arbeitsplatzorientierten Medizin oder dem Case Management. Im pers\u00f6nlichen Gespr\u00e4ch berichten wir Ihnen gerne mehr \u00fcber unser Netzwerk und dessen Nutzen.<\/p>\n<p>Ein Wort zur Continget-Geschichte: Regina Kn\u00f6pfel geh\u00f6rte 2015 zum Gr\u00fcnder-Team und hat unsere Entwicklung massgeblich mitgepr\u00e4gt. Mit einem weinenden Auge nahmen wir 2021 ihren Abschied zur Kenntnis; mit einem lachenden, dass wir mit ihr in der neuen Rolle als CEO der PKR\u00fcck AG in Kontakt und Zusammenarbeit bleiben.<\/p>\n<\/div><\/section>\n<div  style=' margin-top:30px; margin-bottom:20px;'  class='hr hr-custom hr-center hr-icon-no   avia-builder-el-18  el_after_av_textblock  el_before_av_one_third '><span class='hr-inner  inner-border-av-border-thin' style=' width:100%;' ><span class='hr-inner-style'><\/span><\/span><\/div>\n<div class=\"flex_column av_one_third  flex_column_div first  avia-builder-el-19  el_after_av_hr  el_before_av_one_third  \" ><div  class='avia-button-wrap avia-button-center  avia-builder-el-20  avia-builder-el-no-sibling ' ><a href='https:\/\/www.continget.ch\/?page_id=43' class='avia-button avia-button-fullwidth   avia-icon_select-no avia-color-custom '  style='color:#ffffff; background-color:#1e86c8; ' ><span class='avia_iconbox_title' >Beratung &amp; Entwicklung<\/span><span class='avia_button_background avia-button avia-button-fullwidth avia-color-custom' style='background-color:#007ac6;'><\/span><\/a><\/div><\/div>\n<div class=\"flex_column av_one_third  flex_column_div   avia-builder-el-21  el_after_av_one_third  el_before_av_one_third  \" ><div  class='avia-button-wrap avia-button-center  avia-builder-el-22  avia-builder-el-no-sibling ' ><a href='https:\/\/www.continget.ch\/?page_id=58' class='avia-button avia-button-fullwidth   avia-icon_select-no avia-color-custom '  style='color:#ffffff; background-color:#64bc54; ' ><span class='avia_iconbox_title' >Beteiligung &amp; F\u00fchrung<\/span><span class='avia_button_background avia-button avia-button-fullwidth avia-color-custom' style='background-color:#3dbc27;'><\/span><\/a><\/div><\/div>\n<div class=\"flex_column av_one_third  flex_column_div   avia-builder-el-23  el_after_av_one_third  el_before_av_one_third  \" ><div  class='avia-button-wrap avia-button-center  avia-builder-el-24  avia-builder-el-no-sibling ' ><a href='https:\/\/www.continget.ch\/?page_id=92' class='avia-button avia-button-fullwidth   avia-icon_select-no avia-color-custom '  style='color:#ffffff; background-color:#f7931d; ' ><span class='avia_iconbox_title' >Stiftung<\/span><span class='avia_button_background avia-button avia-button-fullwidth avia-color-custom' style='background-color:#f78300;'><\/span><\/a><\/div><\/div>\n<div class=\"flex_column av_one_third  flex_column_div first  avia-builder-el-25  el_after_av_one_third  el_before_av_one_third  column-top-margin\" ><div  class='avia-button-wrap avia-button-center  avia-builder-el-26  avia-builder-el-no-sibling ' ><a href='https:\/\/www.continget.ch\/?page_id=252' class='avia-button avia-button-fullwidth   avia-icon_select-no avia-color-custom '  style='color:#0a0a0a; background-color:#f4f4f4; ' ><span class='avia_iconbox_title' >Kompetenzen<\/span><span class='avia_button_background avia-button avia-button-fullwidth avia-color-custom' style='background-color:#e8e8e8;'><\/span><\/a><\/div><\/div>\n<div class=\"flex_column av_one_third  flex_column_div   avia-builder-el-27  el_after_av_one_third  el_before_av_one_third  column-top-margin\" ><div  class='avia-button-wrap avia-button-center  avia-builder-el-28  avia-builder-el-no-sibling ' ><a href='https:\/\/www.continget.ch\/?page_id=239' class='avia-button avia-button-fullwidth   avia-icon_select-yes-left-icon avia-color-custom '  style='color:#0a0a0a; background-color:#f4f4f4; ' ><span class='avia_button_icon avia_button_icon_left' aria-hidden='true' data-av_icon='\ue805' data-av_iconfont='entypo-fontello'><\/span><span class='avia_iconbox_title' >Kontakt<\/span><span class='avia_button_background avia-button avia-button-fullwidth avia-color-custom' style='background-color:#e8e8e8;'><\/span><\/a><\/div><\/div>\n<div class=\"flex_column av_one_third  flex_column_div   avia-builder-el-29  el_after_av_one_third  avia-builder-el-last  column-top-margin\" ><div  class='avia-button-wrap avia-button-center  avia-builder-el-30  avia-builder-el-no-sibling ' ><a href='https:\/\/www.continget.ch\/?page_id=224' class='avia-button avia-button-fullwidth   avia-icon_select-no avia-color-custom '  style='color:#0a0a0a; background-color:#f4f4f4; ' ><span class='avia_iconbox_title' >Team &amp; Netzwerk<\/span><span class='avia_button_background avia-button avia-button-fullwidth avia-color-custom' style='background-color:#e8e8e8;'><\/span><\/a><\/div><\/div>\n","protected":false},"excerpt":{"rendered":"","protected":false},"author":4,"featured_media":0,"parent":0,"menu_order":0,"comment_status":"closed","ping_status":"closed","template":"","meta":{"footnotes":""},"class_list":["post-224","page","type-page","status-publish","hentry"],"_links":{"self":[{"href":"https:\/\/www.continget.ch\/index.php?rest_route=\/wp\/v2\/pages\/224","targetHints":{"allow":["GET"]}}],"collection":[{"href":"https:\/\/www.continget.ch\/index.php?rest_route=\/wp\/v2\/pages"}],"about":[{"href":"https:\/\/www.continget.ch\/index.php?rest_route=\/wp\/v2\/types\/page"}],"author":[{"embeddable":true,"href":"https:\/\/www.continget.ch\/index.php?rest_route=\/wp\/v2\/users\/4"}],"replies":[{"embeddable":true,"href":"https:\/\/www.continget.ch\/index.php?rest_route=%2Fwp%2Fv2%2Fcomments&post=224"}],"version-history":[{"count":59,"href":"https:\/\/www.continget.ch\/index.php?rest_route=\/wp\/v2\/pages\/224\/revisions"}],"predecessor-version":[{"id":652,"href":"https:\/\/www.continget.ch\/index.php?rest_route=\/wp\/v2\/pages\/224\/revisions\/652"}],"wp:attachment":[{"href":"https:\/\/www.continget.ch\/index.php?rest_route=%2Fwp%2Fv2%2Fmedia&parent=224"}],"curies":[{"name":"wp","href":"https:\/\/api.w.org\/{rel}","templated":true}]}}