{"id":239,"date":"2015-04-23T16:33:36","date_gmt":"2015-04-23T14:33:36","guid":{"rendered":"http:\/\/www.continget.ch\/?page_id=239"},"modified":"2022-09-12T18:29:02","modified_gmt":"2022-09-12T16:29:02","slug":"kontakt","status":"publish","type":"page","link":"https:\/\/www.continget.ch\/?page_id=239","title":{"rendered":"Kontakt"},"content":{"rendered":"<div class=\"flex_column av_one_third  flex_column_div first  avia-builder-el-0  el_before_av_one_third  avia-builder-el-first  \" ><p><section class=\"av_textblock_section \"  itemscope=\"itemscope\" itemtype=\"https:\/\/schema.org\/CreativeWork\" ><div class='avia_textblock  '   itemprop=\"text\" ><p><strong>Continget<br \/>\n<\/strong><strong>Beratung &amp; Entwicklung AG<\/strong><\/p>\n<p>Ausserdorfstrasse 19<br \/>\n8400 Winterthur<\/p>\n<p>www.continget.ch<\/p>\n<p>Besprechungsr\u00e4ume N\u00e4he HB Z\u00fcrich<\/p>\n<\/div><\/section><br \/>\n<\/p><\/div>\n<div class=\"flex_column av_one_third  flex_column_div   avia-builder-el-3  el_after_av_one_third  el_before_av_one_third  \" ><p><section class=\"av_textblock_section \"  itemscope=\"itemscope\" itemtype=\"https:\/\/schema.org\/CreativeWork\" ><div class='avia_textblock  '   itemprop=\"text\" ><p><strong>Continget<br \/>\n<\/strong><strong>Beteiligung &amp; F\u00fchrung AG<\/strong><\/p>\n<p>Ausserdorfstrasse 19<br \/>\n8400 Winterthur<\/p>\n<p>www.continget.ch<\/p>\n<p>Besprechungsr\u00e4ume N\u00e4he HB Z\u00fcrich<\/p>\n<\/div><\/section><br \/>\n<\/p><\/div>\n<div class=\"flex_column av_one_third  flex_column_div   avia-builder-el-6  el_after_av_one_third  el_before_av_hr  \" ><p><section class=\"av_textblock_section \"  itemscope=\"itemscope\" itemtype=\"https:\/\/schema.org\/CreativeWork\" ><div class='avia_textblock  '   itemprop=\"text\" ><p><strong>Stefan Kessler<\/strong><\/p>\n<p>Tel.\u00a0079 708 56 11<br \/>\nE-Mail s.kessler@continget.ch<\/p>\n<p><strong>Marisa Duss<\/strong><\/p>\n<p>Tel. 076 321 74 56<br \/>\nE-Mail m.duss@continget.ch<\/p>\n<p><b>Pascal Scholl<\/b><\/p>\n<p>Tel.\u00a0076 547 67 30<br \/>\nE-Mail p.scholl@continget.ch<\/p>\n<p><strong>Sabine Steiger-Sackmann<\/strong><\/p>\n<p>Tel. 079 230 36 41<br \/>\nE-Mail s.steiger@continget.ch<\/p>\n<\/div><\/section><br \/>\n<\/p><\/div><div  style=' margin-top:20px; margin-bottom:20px;'  class='hr hr-custom hr-center hr-icon-no   avia-builder-el-9  el_after_av_one_third  el_before_av_contact '><span class='hr-inner  inner-border-av-border-thin' style=' width:100%;' ><span class='hr-inner-style'><\/span><\/span><\/div><\/p>\n<form action=\"https:\/\/www.continget.ch\/?page_id=239\" method=\"post\"  class=\"avia_ajax_form av-form-labels-visible   avia-builder-el-10  el_after_av_hr  el_before_av_hr   \" data-avia-form-id=\"1\" data-avia-redirect='' ><h3 class=''>Senden Sie uns eine E-Mail<\/h3><fieldset><p class='  first_form  form_element form_fullwidth' id='element_avia_1_1'><label for=\"avia_1_1\">Name <abbr class=\"required\" title=\"ben\u00f6tigt\">*<\/abbr><\/label> <input name=\"avia_1_1\" class=\"text_input is_empty\" type=\"text\" id=\"avia_1_1\" value=\"\" \/><\/p><p class='  first_form  form_element form_fullwidth' id='element_avia_2_1'><label for=\"avia_2_1\">E-Mail <abbr class=\"required\" title=\"ben\u00f6tigt\">*<\/abbr><\/label> <input name=\"avia_2_1\" class=\"text_input is_email\" type=\"text\" id=\"avia_2_1\" value=\"\" \/><\/p><p class='  first_form  form_element form_fullwidth' id='element_avia_3_1'><label for=\"avia_3_1\">Betreff<\/label> <input name=\"avia_3_1\" class=\"text_input \" type=\"text\" id=\"avia_3_1\" value=\"\" \/><\/p><p class='  first_form  form_element form_fullwidth' id='element_avia_4_1'><label for=\"avia_4_1\" class=\"textare_label hidden textare_label_avia_4_1\">Nachricht <abbr class=\"required\" title=\"ben\u00f6tigt\">*<\/abbr><\/label><textarea  name=\"avia_4_1\" class=\"text_area is_empty\" cols=\"40\" rows=\"7\" id=\"avia_4_1\" ><\/textarea><\/p><p class=\"hidden\"><input type=\"text\" name=\"avia_5_1\" class=\"hidden \" id=\"avia_5_1\" value=\"\" \/><\/p><p class='   form_element form_fullwidth' id='element_avia_6_1'><span class='value_verifier_label'>4 + 3 = ?<\/span><input name=\"avia_6_1_verifier\" type=\"hidden\" id=\"avia_6_1_verifier\" value=\"661427585\"\/><label for=\"avia_6_1\">Bitte l\u00f6se die Gleichung. Diese Ma\u00dfnahme dient der Abwehr von Spam <abbr class=\"required\" title=\"ben\u00f6tigt\">*<\/abbr><\/label><input name=\"avia_6_1\" class=\"text_input captcha\" type=\"text\" id=\"avia_6_1\" value=\"\"\/><\/p><p class=\"form_element \"><input type=\"hidden\" value=\"1\" name=\"avia_generated_form1\" \/><input type=\"submit\" value=\"Senden\" class=\"button\"  data-sending-label=\"Sende\"\/><\/p><\/fieldset><\/form><div id=\"ajaxresponse_1\" class=\"ajaxresponse ajaxresponse_1 hidden\"><\/div>\n<div  style=' margin-top:30px; margin-bottom:20px;'  class='hr hr-custom hr-center hr-icon-no   avia-builder-el-11  el_after_av_contact  el_before_av_one_third '><span class='hr-inner  inner-border-av-border-thin' style=' width:100%;' ><span class='hr-inner-style'><\/span><\/span><\/div>\n<div class=\"flex_column av_one_third  flex_column_div first  avia-builder-el-12  el_after_av_hr  el_before_av_one_third  \" ><div  class='avia-button-wrap avia-button-center  avia-builder-el-13  avia-builder-el-no-sibling ' ><a href='https:\/\/www.continget.ch\/?page_id=43' class='avia-button avia-button-fullwidth   avia-icon_select-no avia-color-custom '  style='color:#ffffff; background-color:#1e86c8; ' ><span class='avia_iconbox_title' >Beratung &amp; Entwicklung<\/span><span class='avia_button_background avia-button avia-button-fullwidth avia-color-custom' style='background-color:#007ac6;'><\/span><\/a><\/div><\/div>\n<div class=\"flex_column av_one_third  flex_column_div   avia-builder-el-14  el_after_av_one_third  el_before_av_one_third  \" ><div  class='avia-button-wrap avia-button-center  avia-builder-el-15  avia-builder-el-no-sibling ' ><a href='https:\/\/www.continget.ch\/?page_id=58' class='avia-button avia-button-fullwidth   avia-icon_select-no avia-color-custom '  style='color:#ffffff; background-color:#64bc54; ' ><span class='avia_iconbox_title' >Beteiligung &amp; F\u00fchrung<\/span><span class='avia_button_background avia-button avia-button-fullwidth avia-color-custom' style='background-color:#3dbc27;'><\/span><\/a><\/div><\/div>\n<div class=\"flex_column av_one_third  flex_column_div   avia-builder-el-16  el_after_av_one_third  el_before_av_one_third  \" ><div  class='avia-button-wrap avia-button-center  avia-builder-el-17  avia-builder-el-no-sibling ' ><a href='https:\/\/www.continget.ch\/?page_id=92' class='avia-button avia-button-fullwidth   avia-icon_select-no avia-color-custom '  style='color:#ffffff; background-color:#f7931d; ' ><span class='avia_iconbox_title' >Stiftung<\/span><span class='avia_button_background avia-button avia-button-fullwidth avia-color-custom' style='background-color:#f78300;'><\/span><\/a><\/div><\/div>\n<div class=\"flex_column av_one_third  flex_column_div first  avia-builder-el-18  el_after_av_one_third  el_before_av_one_third  column-top-margin\" ><div  class='avia-button-wrap avia-button-center  avia-builder-el-19  avia-builder-el-no-sibling ' ><a href='https:\/\/www.continget.ch\/?page_id=252' class='avia-button avia-button-fullwidth   avia-icon_select-no avia-color-custom '  style='color:#0a0a0a; background-color:#f4f4f4; ' ><span class='avia_iconbox_title' >Kompetenzen<\/span><span class='avia_button_background avia-button avia-button-fullwidth avia-color-custom' style='background-color:#e8e8e8;'><\/span><\/a><\/div><\/div>\n<div class=\"flex_column av_one_third  flex_column_div   avia-builder-el-20  el_after_av_one_third  el_before_av_one_third  column-top-margin\" ><div  class='avia-button-wrap avia-button-center  avia-builder-el-21  avia-builder-el-no-sibling ' ><a href='https:\/\/www.continget.ch\/?page_id=239' class='avia-button avia-button-fullwidth   avia-icon_select-yes-left-icon avia-color-custom '  style='color:#0a0a0a; background-color:#f4f4f4; ' ><span class='avia_button_icon avia_button_icon_left' aria-hidden='true' data-av_icon='\ue805' data-av_iconfont='entypo-fontello'><\/span><span class='avia_iconbox_title' >Kontakt<\/span><span class='avia_button_background avia-button avia-button-fullwidth avia-color-custom' style='background-color:#e8e8e8;'><\/span><\/a><\/div><\/div>\n<div class=\"flex_column av_one_third  flex_column_div   avia-builder-el-22  el_after_av_one_third  avia-builder-el-last  column-top-margin\" ><div  class='avia-button-wrap avia-button-center  avia-builder-el-23  avia-builder-el-no-sibling ' ><a href='https:\/\/www.continget.ch\/?page_id=224' class='avia-button avia-button-fullwidth   avia-icon_select-no avia-color-custom '  style='color:#0a0a0a; background-color:#f4f4f4; ' ><span class='avia_iconbox_title' >Team &amp; Netzwerk<\/span><span class='avia_button_background avia-button avia-button-fullwidth avia-color-custom' style='background-color:#e8e8e8;'><\/span><\/a><\/div><\/div>\n","protected":false},"excerpt":{"rendered":"","protected":false},"author":4,"featured_media":0,"parent":0,"menu_order":0,"comment_status":"closed","ping_status":"closed","template":"","meta":{"footnotes":""},"class_list":["post-239","page","type-page","status-publish","hentry"],"_links":{"self":[{"href":"https:\/\/www.continget.ch\/index.php?rest_route=\/wp\/v2\/pages\/239","targetHints":{"allow":["GET"]}}],"collection":[{"href":"https:\/\/www.continget.ch\/index.php?rest_route=\/wp\/v2\/pages"}],"about":[{"href":"https:\/\/www.continget.ch\/index.php?rest_route=\/wp\/v2\/types\/page"}],"author":[{"embeddable":true,"href":"https:\/\/www.continget.ch\/index.php?rest_route=\/wp\/v2\/users\/4"}],"replies":[{"embeddable":true,"href":"https:\/\/www.continget.ch\/index.php?rest_route=%2Fwp%2Fv2%2Fcomments&post=239"}],"version-history":[{"count":39,"href":"https:\/\/www.continget.ch\/index.php?rest_route=\/wp\/v2\/pages\/239\/revisions"}],"predecessor-version":[{"id":608,"href":"https:\/\/www.continget.ch\/index.php?rest_route=\/wp\/v2\/pages\/239\/revisions\/608"}],"wp:attachment":[{"href":"https:\/\/www.continget.ch\/index.php?rest_route=%2Fwp%2Fv2%2Fmedia&parent=239"}],"curies":[{"name":"wp","href":"https:\/\/api.w.org\/{rel}","templated":true}]}}