{"id":252,"date":"2015-04-23T17:02:11","date_gmt":"2015-04-23T15:02:11","guid":{"rendered":"http:\/\/www.continget.ch\/?page_id=252"},"modified":"2020-02-05T14:30:15","modified_gmt":"2020-02-05T13:30:15","slug":"kompetenzen","status":"publish","type":"page","link":"https:\/\/www.continget.ch\/?page_id=252","title":{"rendered":"Kompetenzen"},"content":{"rendered":"<div id='av_section_1'  class='avia-section main_color avia-section-default avia-no-shadow  avia-full-stretch av-section-color-overlay-active avia-bg-style-fixed  avia-builder-el-0  el_before_av_image  avia-builder-el-first   av-minimum-height av-minimum-height-50  container_wrap fullsize' style='background-repeat: no-repeat; background-image: url(https:\/\/www.continget.ch\/wp-content\/uploads\/2015\/04\/dach1_1240x730_desaturatedv3.jpg);background-attachment: fixed; background-position: center center;  '  data-section-bg-repeat='stretch' data-av_minimum_height_pc='50'><div class='av-section-color-overlay-wrap'><div class='av-section-color-overlay' style='opacity: 0.7; background-color: #426284; '><\/div><div class='container' ><main  role=\"main\" itemprop=\"mainContentOfPage\"  class='template-page content  av-content-full alpha units'><div class='post-entry post-entry-type-page post-entry-252'><div class='entry-content-wrapper clearfix'>\n<section class=\"av_textblock_section \"  itemscope=\"itemscope\" itemtype=\"https:\/\/schema.org\/CreativeWork\" ><div class='avia_textblock  '   itemprop=\"text\" ><h1 style=\"text-align: center; margin-left: auto; margin-right: auto; max-width: 760px;\">Kompetenzen<\/h1>\n<\/div><\/section>\n<div  style='height:10px' class='hr hr-invisible   avia-builder-el-2  el_after_av_textblock  el_before_av_textblock '><span class='hr-inner ' ><span class='hr-inner-style'><\/span><\/span><\/div>\n<section class=\"av_textblock_section \"  itemscope=\"itemscope\" itemtype=\"https:\/\/schema.org\/CreativeWork\" ><div class='avia_textblock  av_inherit_color '  style='color:#ffffff; '  itemprop=\"text\" ><p style=\"text-align: center; margin-left: auto; margin-right: auto; max-width: 760px;\">Continget heisst \u201ees wird gelingen\u201c.\u00a0Damit bringen wir zum Ausdruck, dass wir mit Zuversicht neue Wege beschreiten. Wir bauen dabei auf einen interdisziplin\u00e4ren Kompetenzen-Mix.<\/p>\n<\/div><\/section>\n<\/div><\/div><\/main><!-- close content main element --><\/div><\/div><\/div><div id='after_section_1'  class='main_color av_default_container_wrap container_wrap fullsize' style=' '  ><div class='container' ><div class='template-page content  av-content-full alpha units'><div class='post-entry post-entry-type-page post-entry-252'><div class='entry-content-wrapper clearfix'><div  class='avia-image-container  av-styling-    avia-builder-el-4  el_after_av_section  el_before_av_hr  avia-builder-el-first  avia-align-center '  itemprop=\"image\" itemscope=\"itemscope\" itemtype=\"https:\/\/schema.org\/ImageObject\"  ><div class='avia-image-container-inner'><div class='avia-image-overlay-wrap'><img decoding=\"async\" class='wp-image-427 avia-img-lazy-loading-not-427 avia_image' src=\"https:\/\/www.continget.ch\/wp-content\/uploads\/2017\/04\/Continget-Kompetenzen_Grafik-April-17.jpg\" alt='' title='Continget Kompetenzen_Grafik April 17' height=\"470\" width=\"849\"  itemprop=\"thumbnailUrl\" srcset=\"https:\/\/www.continget.ch\/wp-content\/uploads\/2017\/04\/Continget-Kompetenzen_Grafik-April-17.jpg 849w, https:\/\/www.continget.ch\/wp-content\/uploads\/2017\/04\/Continget-Kompetenzen_Grafik-April-17-300x166.jpg 300w, https:\/\/www.continget.ch\/wp-content\/uploads\/2017\/04\/Continget-Kompetenzen_Grafik-April-17-705x390.jpg 705w, https:\/\/www.continget.ch\/wp-content\/uploads\/2017\/04\/Continget-Kompetenzen_Grafik-April-17-450x249.jpg 450w\" sizes=\"(max-width: 849px) 100vw, 849px\" \/><\/div><\/div><\/div><\/p>\n<div  style=' margin-top:20px; margin-bottom:20px;'  class='hr hr-custom hr-center hr-icon-no   avia-builder-el-5  el_after_av_image  el_before_av_textblock '><span class='hr-inner  inner-border-av-border-thin' style=' width:100%;' ><span class='hr-inner-style'><\/span><\/span><\/div>\n<section class=\"av_textblock_section \"  itemscope=\"itemscope\" itemtype=\"https:\/\/schema.org\/CreativeWork\" ><div class='avia_textblock  '   itemprop=\"text\" ><p>Fach- und Methodenwissen in den relevanten Disziplinen k\u00f6nnen wir dank eines intakten, kompetent besetzten Netzwerks rasch, zuverl\u00e4ssig und in \u00dcbereinstimmung mit der Continget-Grundhaltung anbieten.<\/p>\n<p>Im Bereich der strategischen F\u00fchrung und der Integration von Menschen nach psychischer Erkrankung verf\u00fcgen wir \u00fcber vielf\u00e4ltige Erfahrungen und Referenzen.<\/p>\n<\/div><\/section>\n<div  style=' margin-top:30px; margin-bottom:20px;'  class='hr hr-custom hr-center hr-icon-no   avia-builder-el-7  el_after_av_textblock  el_before_av_one_third '><span class='hr-inner  inner-border-av-border-thin' style=' width:100%;' ><span class='hr-inner-style'><\/span><\/span><\/div>\n<div class=\"flex_column av_one_third  flex_column_div first  avia-builder-el-8  el_after_av_hr  el_before_av_one_third  \" ><div  class='avia-button-wrap avia-button-center  avia-builder-el-9  avia-builder-el-no-sibling ' ><a href='https:\/\/www.continget.ch\/?page_id=43' class='avia-button avia-button-fullwidth   avia-icon_select-no avia-color-custom '  style='color:#ffffff; background-color:#1e86c8; ' ><span class='avia_iconbox_title' >Beratung &amp; Entwicklung<\/span><span class='avia_button_background avia-button avia-button-fullwidth avia-color-custom' style='background-color:#007ac6;'><\/span><\/a><\/div><\/div>\n<div class=\"flex_column av_one_third  flex_column_div   avia-builder-el-10  el_after_av_one_third  el_before_av_one_third  \" ><div  class='avia-button-wrap avia-button-center  avia-builder-el-11  avia-builder-el-no-sibling ' ><a href='https:\/\/www.continget.ch\/?page_id=58' class='avia-button avia-button-fullwidth   avia-icon_select-no avia-color-custom '  style='color:#ffffff; background-color:#64bc54; ' ><span class='avia_iconbox_title' >Beteiligung &amp; F\u00fchrung<\/span><span class='avia_button_background avia-button avia-button-fullwidth avia-color-custom' style='background-color:#3dbc27;'><\/span><\/a><\/div><\/div>\n<div class=\"flex_column av_one_third  flex_column_div   avia-builder-el-12  el_after_av_one_third  el_before_av_one_third  \" ><div  class='avia-button-wrap avia-button-center  avia-builder-el-13  avia-builder-el-no-sibling ' ><a href='https:\/\/www.continget.ch\/?page_id=92' class='avia-button avia-button-fullwidth   avia-icon_select-no avia-color-custom '  style='color:#ffffff; background-color:#f7931d; ' ><span class='avia_iconbox_title' >Stiftung<\/span><span class='avia_button_background avia-button avia-button-fullwidth avia-color-custom' style='background-color:#f78300;'><\/span><\/a><\/div><\/div>\n<div class=\"flex_column av_one_third  flex_column_div first  avia-builder-el-14  el_after_av_one_third  el_before_av_one_third  column-top-margin\" ><div  class='avia-button-wrap avia-button-center  avia-builder-el-15  avia-builder-el-no-sibling ' ><a href='https:\/\/www.continget.ch\/?page_id=252' class='avia-button avia-button-fullwidth   avia-icon_select-no avia-color-custom '  style='color:#0a0a0a; background-color:#f4f4f4; ' ><span class='avia_iconbox_title' >Kompetenzen<\/span><span class='avia_button_background avia-button avia-button-fullwidth avia-color-custom' style='background-color:#e8e8e8;'><\/span><\/a><\/div><\/div>\n<div class=\"flex_column av_one_third  flex_column_div   avia-builder-el-16  el_after_av_one_third  el_before_av_one_third  column-top-margin\" ><div  class='avia-button-wrap avia-button-center  avia-builder-el-17  avia-builder-el-no-sibling ' ><a href='https:\/\/www.continget.ch\/?page_id=239' class='avia-button avia-button-fullwidth   avia-icon_select-yes-left-icon avia-color-custom '  style='color:#0a0a0a; background-color:#f4f4f4; ' ><span class='avia_button_icon avia_button_icon_left' aria-hidden='true' data-av_icon='\ue805' data-av_iconfont='entypo-fontello'><\/span><span class='avia_iconbox_title' >Kontakt<\/span><span class='avia_button_background avia-button avia-button-fullwidth avia-color-custom' style='background-color:#e8e8e8;'><\/span><\/a><\/div><\/div>\n<div class=\"flex_column av_one_third  flex_column_div   avia-builder-el-18  el_after_av_one_third  avia-builder-el-last  column-top-margin\" ><div  class='avia-button-wrap avia-button-center  avia-builder-el-19  avia-builder-el-no-sibling ' ><a href='https:\/\/www.continget.ch\/?page_id=224' class='avia-button avia-button-fullwidth   avia-icon_select-no avia-color-custom '  style='color:#0a0a0a; background-color:#f4f4f4; ' ><span class='avia_iconbox_title' >Team &amp; Netzwerk<\/span><span class='avia_button_background avia-button avia-button-fullwidth avia-color-custom' style='background-color:#e8e8e8;'><\/span><\/a><\/div><\/div>\n","protected":false},"excerpt":{"rendered":"","protected":false},"author":4,"featured_media":0,"parent":0,"menu_order":0,"comment_status":"closed","ping_status":"closed","template":"","meta":{"footnotes":""},"class_list":["post-252","page","type-page","status-publish","hentry"],"_links":{"self":[{"href":"https:\/\/www.continget.ch\/index.php?rest_route=\/wp\/v2\/pages\/252","targetHints":{"allow":["GET"]}}],"collection":[{"href":"https:\/\/www.continget.ch\/index.php?rest_route=\/wp\/v2\/pages"}],"about":[{"href":"https:\/\/www.continget.ch\/index.php?rest_route=\/wp\/v2\/types\/page"}],"author":[{"embeddable":true,"href":"https:\/\/www.continget.ch\/index.php?rest_route=\/wp\/v2\/users\/4"}],"replies":[{"embeddable":true,"href":"https:\/\/www.continget.ch\/index.php?rest_route=%2Fwp%2Fv2%2Fcomments&post=252"}],"version-history":[{"count":14,"href":"https:\/\/www.continget.ch\/index.php?rest_route=\/wp\/v2\/pages\/252\/revisions"}],"predecessor-version":[{"id":428,"href":"https:\/\/www.continget.ch\/index.php?rest_route=\/wp\/v2\/pages\/252\/revisions\/428"}],"wp:attachment":[{"href":"https:\/\/www.continget.ch\/index.php?rest_route=%2Fwp%2Fv2%2Fmedia&parent=252"}],"curies":[{"name":"wp","href":"https:\/\/api.w.org\/{rel}","templated":true}]}}