{"id":348,"date":"2015-05-07T11:03:09","date_gmt":"2015-05-07T09:03:09","guid":{"rendered":"http:\/\/www.continget.ch\/?page_id=348"},"modified":"2025-08-19T15:25:26","modified_gmt":"2025-08-19T13:25:26","slug":"startseite-variante-dunkelblau","status":"publish","type":"page","link":"https:\/\/www.continget.ch\/","title":{"rendered":"Startseite &#8211; Variante dunkelblau"},"content":{"rendered":"<div id='av_section_1'  class='avia-section main_color avia-section-default avia-no-shadow  avia-full-stretch av-section-color-overlay-active avia-bg-style-fixed  avia-builder-el-0  el_before_av_textblock  avia-builder-el-first   av-minimum-height av-minimum-height-50  container_wrap fullsize' style='background-repeat: no-repeat; background-image: url(https:\/\/www.continget.ch\/wp-content\/uploads\/2015\/04\/dach1_1240x730_desaturatedv3.jpg);background-attachment: fixed; background-position: center center;  '  data-section-bg-repeat='stretch' data-av_minimum_height_pc='50'><div class='av-section-color-overlay-wrap'><div class='av-section-color-overlay' style='opacity: 0.7; background-color: #426284; '><\/div><div class='container' ><main  role=\"main\" itemprop=\"mainContentOfPage\"  class='template-page content  av-content-full alpha units'><div class='post-entry post-entry-type-page post-entry-348'><div class='entry-content-wrapper clearfix'>\n<section class=\"av_textblock_section \"  itemscope=\"itemscope\" itemtype=\"https:\/\/schema.org\/CreativeWork\" ><div class='avia_textblock  av_inherit_color '  style='color:#ffffff; '  itemprop=\"text\" ><p style=\"text-align: center; margin-left: auto; margin-right: auto; max-width: 760px;\">Continget\u00a0ist Ihre Partnerin f\u00fcr einen\u00a0unternehmerischen,<br \/>\nstrategischen Zugang zum Themenkreis Arbeit &amp; Psyche. Dies eingebettet in Ihren Kontext &#8211; z.B. ein\u00a0 betriebliches Gesundheitsmanagement &#8211; und mit dem Ziel, vermeidbare Arbeitsunf\u00e4higkeiten zu verhindern.<\/p>\n<\/div><\/section>\n<\/div><\/div><\/main><!-- close content main element --><\/div><\/div><\/div><div id='after_section_1'  class='main_color av_default_container_wrap container_wrap fullsize' style=' '  ><div class='container' ><div class='template-page content  av-content-full alpha units'><div class='post-entry post-entry-type-page post-entry-348'><div class='entry-content-wrapper clearfix'>\n<section class=\"av_textblock_section \"  itemscope=\"itemscope\" itemtype=\"https:\/\/schema.org\/CreativeWork\" ><div class='avia_textblock  '   itemprop=\"text\" ><p>Mit Continget bieten wir Ihnen durch drei\u00a0 Ansatzpunkte einen Mehrwert:<\/p>\n<p>Erstens erhalten Sie kompetente Beratung in Prozessen und Projekten, deren Ziel Verbesserungen rund um Arbeit &amp; psychische Gesundheit sind. Dies oft eingebettet in einen breiteren Kontext, z.B. ein betriebliches Gesundheitsmanagement. Oder mit einer umfassenden Zielsetzung, z.B. der Optimierung aller HR-Prozesse. Mehr dazu unter <a href=\"https:\/\/www.continget.ch\/?page_id=43\">Beratung &amp; Entwicklung<\/a>.<\/p>\n<p>Zweitens ist Continget bereit und f\u00e4hig, Verantwortung zu tragen. Im engeren Sinn z.B. durch \u00dcbernahme von Projektleitungen. Im umfassenderen Sinn durch das Engagement in strategischen Gremien und als Aktion\u00e4rin von Unternehmen, die psychische Gesundheit als wichtiges Element ihrer Strategie betrachten. Damit bringen wir zum Ausdruck, dass wir an den unternehmerischen Erfolg unserer Beratungs-Themen glauben. Unsere Partnerinnen und Partner profitieren von unserem Management-Know-how, z.B. im Bereich Finanzen, HR, strategische F\u00fchrung und Recht. Mehr dazu unter <a href=\"https:\/\/www.continget.ch\/?page_id=58\">Beteiligung &amp; F\u00fchrung.<\/a><\/p>\n<p>Drittens durften wir 2021 in Zusammenarbeit mit einer Partnerorganisation die gemeinn\u00fctzige Stiftung SPF Plus ins Leben rufen. Die Stiftung bringt sich aktuell im Bereich der aufsuchenden sozialen Arbeit ein. \u00dcbergeordnet widmet sie sich der gesellschaftlichen Teilhabe und Inklusion: also jenen Anliegen, die Continget im Bereich Arbeit &amp; Psyche vertritt. Dies bringt f\u00fcr die Zukunft viel Entwicklungspotenzial. Mehr dazu unter <a href=\"https:\/\/www.continget.ch\/?page_id=92\">Stiftung<\/a>.<\/p>\n<p>Unsere Datenschutzbestimmungen finden Sie hier: <a href=\"https:\/\/www.continget.ch\/wp-content\/uploads\/2023\/09\/Datenschutzinformationen_Continget_01092023.pdf\" target=\"_blank\" rel=\"noopener\">Datenschutz Continget<\/a>.<\/p>\n<\/div><\/section>\n<div  style=' margin-top:30px; margin-bottom:20px;'  class='hr hr-custom hr-center hr-icon-no   avia-builder-el-3  el_after_av_textblock  el_before_av_one_third '><span class='hr-inner  inner-border-av-border-thin' style=' width:100%;' ><span class='hr-inner-style'><\/span><\/span><\/div>\n<div class=\"flex_column av_one_third  flex_column_div first  avia-builder-el-4  el_after_av_hr  el_before_av_one_third  \" ><div  class='avia-button-wrap avia-button-center  avia-builder-el-5  avia-builder-el-no-sibling ' ><a href='https:\/\/www.continget.ch\/?page_id=43' class='avia-button avia-button-fullwidth   avia-icon_select-no avia-color-custom '  style='color:#ffffff; background-color:#1e86c8; ' ><span class='avia_iconbox_title' >Beratung &amp; Entwicklung<\/span><span class='avia_button_background avia-button avia-button-fullwidth avia-color-custom' style='background-color:#007ac6;'><\/span><\/a><\/div><\/div>\n<div class=\"flex_column av_one_third  flex_column_div   avia-builder-el-6  el_after_av_one_third  el_before_av_one_third  \" ><div  class='avia-button-wrap avia-button-center  avia-builder-el-7  avia-builder-el-no-sibling ' ><a href='https:\/\/www.continget.ch\/?page_id=58' class='avia-button avia-button-fullwidth   avia-icon_select-no avia-color-custom '  style='color:#ffffff; background-color:#64bc54; ' ><span class='avia_iconbox_title' >Beteiligung &amp; F\u00fchrung<\/span><span class='avia_button_background avia-button avia-button-fullwidth avia-color-custom' style='background-color:#3dbc27;'><\/span><\/a><\/div><\/div>\n<div class=\"flex_column av_one_third  flex_column_div   avia-builder-el-8  el_after_av_one_third  el_before_av_one_third  \" ><div  class='avia-button-wrap avia-button-center  avia-builder-el-9  avia-builder-el-no-sibling ' ><a href='https:\/\/www.continget.ch\/?page_id=92' class='avia-button avia-button-fullwidth   avia-icon_select-no avia-color-custom '  style='color:#ffffff; background-color:#f7931d; ' ><span class='avia_iconbox_title' >Stiftung<\/span><span class='avia_button_background avia-button avia-button-fullwidth avia-color-custom' style='background-color:#f78300;'><\/span><\/a><\/div><\/div>\n<div class=\"flex_column av_one_third  flex_column_div first  avia-builder-el-10  el_after_av_one_third  el_before_av_one_third  column-top-margin\" ><div  class='avia-button-wrap avia-button-center  avia-builder-el-11  avia-builder-el-no-sibling ' ><a href='https:\/\/www.continget.ch\/?page_id=252' class='avia-button avia-button-fullwidth   avia-icon_select-no avia-color-custom '  style='color:#0a0a0a; background-color:#f4f4f4; ' ><span class='avia_iconbox_title' >Kompetenzen<\/span><span class='avia_button_background avia-button avia-button-fullwidth avia-color-custom' style='background-color:#e8e8e8;'><\/span><\/a><\/div><\/div>\n<div class=\"flex_column av_one_third  flex_column_div   avia-builder-el-12  el_after_av_one_third  el_before_av_one_third  column-top-margin\" ><div  class='avia-button-wrap avia-button-center  avia-builder-el-13  avia-builder-el-no-sibling ' ><a href='https:\/\/www.continget.ch\/?page_id=239' class='avia-button avia-button-fullwidth   avia-icon_select-yes-left-icon avia-color-custom '  style='color:#0a0a0a; background-color:#f4f4f4; ' ><span class='avia_button_icon avia_button_icon_left' aria-hidden='true' data-av_icon='\ue805' data-av_iconfont='entypo-fontello'><\/span><span class='avia_iconbox_title' >Kontakt<\/span><span class='avia_button_background avia-button avia-button-fullwidth avia-color-custom' style='background-color:#e8e8e8;'><\/span><\/a><\/div><\/div>\n<div class=\"flex_column av_one_third  flex_column_div   avia-builder-el-14  el_after_av_one_third  avia-builder-el-last  column-top-margin\" ><div  class='avia-button-wrap avia-button-center  avia-builder-el-15  avia-builder-el-no-sibling ' ><a href='https:\/\/www.continget.ch\/?page_id=224' class='avia-button avia-button-fullwidth   avia-icon_select-no avia-color-custom '  style='color:#0a0a0a; background-color:#f4f4f4; ' ><span class='avia_iconbox_title' >Team &amp; Netzwerk<\/span><span class='avia_button_background avia-button avia-button-fullwidth avia-color-custom' style='background-color:#e8e8e8;'><\/span><\/a><\/div><\/div>\n","protected":false},"excerpt":{"rendered":"","protected":false},"author":4,"featured_media":0,"parent":0,"menu_order":0,"comment_status":"closed","ping_status":"closed","template":"","meta":{"footnotes":""},"class_list":["post-348","page","type-page","status-publish","hentry"],"_links":{"self":[{"href":"https:\/\/www.continget.ch\/index.php?rest_route=\/wp\/v2\/pages\/348","targetHints":{"allow":["GET"]}}],"collection":[{"href":"https:\/\/www.continget.ch\/index.php?rest_route=\/wp\/v2\/pages"}],"about":[{"href":"https:\/\/www.continget.ch\/index.php?rest_route=\/wp\/v2\/types\/page"}],"author":[{"embeddable":true,"href":"https:\/\/www.continget.ch\/index.php?rest_route=\/wp\/v2\/users\/4"}],"replies":[{"embeddable":true,"href":"https:\/\/www.continget.ch\/index.php?rest_route=%2Fwp%2Fv2%2Fcomments&post=348"}],"version-history":[{"count":27,"href":"https:\/\/www.continget.ch\/index.php?rest_route=\/wp\/v2\/pages\/348\/revisions"}],"predecessor-version":[{"id":648,"href":"https:\/\/www.continget.ch\/index.php?rest_route=\/wp\/v2\/pages\/348\/revisions\/648"}],"wp:attachment":[{"href":"https:\/\/www.continget.ch\/index.php?rest_route=%2Fwp%2Fv2%2Fmedia&parent=348"}],"curies":[{"name":"wp","href":"https:\/\/api.w.org\/{rel}","templated":true}]}}