{"id":43,"date":"2015-04-08T09:52:13","date_gmt":"2015-04-08T07:52:13","guid":{"rendered":"http:\/\/www.continget.ch\/?page_id=43"},"modified":"2022-09-12T18:13:23","modified_gmt":"2022-09-12T16:13:23","slug":"beratung-und-entwicklung","status":"publish","type":"page","link":"https:\/\/www.continget.ch\/?page_id=43","title":{"rendered":"Beratung &#038; Entwicklung"},"content":{"rendered":"<div id='av_section_1'  class='avia-section main_color avia-section-default avia-no-shadow  avia-full-stretch av-section-color-overlay-active avia-bg-style-fixed  avia-builder-el-0  el_before_av_textblock  avia-builder-el-first   av-minimum-height av-minimum-height-50  container_wrap fullsize' style='background-color: #7bb0e7; background-repeat: no-repeat; background-image: url(https:\/\/www.continget.ch\/wp-content\/uploads\/2015\/04\/dach4-3_1280.jpg);background-attachment: fixed; background-position: center center;  '  data-section-bg-repeat='stretch' data-av_minimum_height_pc='50'><div class='av-section-color-overlay-wrap'><div class='av-section-color-overlay' style='opacity: 0.8; background-color: #1e86c8; '><\/div><div class='container' ><main  role=\"main\" itemprop=\"mainContentOfPage\"  class='template-page content  av-content-full alpha units'><div class='post-entry post-entry-type-page post-entry-43'><div class='entry-content-wrapper clearfix'>\n<section class=\"av_textblock_section \"  itemscope=\"itemscope\" itemtype=\"https:\/\/schema.org\/CreativeWork\" ><div class='avia_textblock  '   itemprop=\"text\" ><h1 style=\"text-align: center;\">Beratung &amp; Entwicklung<\/h1>\n<\/div><\/section>\n<div  style='height:10px' class='hr hr-invisible   avia-builder-el-2  el_after_av_textblock  el_before_av_textblock '><span class='hr-inner ' ><span class='hr-inner-style'><\/span><\/span><\/div>\n<section class=\"av_textblock_section \"  itemscope=\"itemscope\" itemtype=\"https:\/\/schema.org\/CreativeWork\" ><div class='avia_textblock  av_inherit_color '  style='color:#ffffff; '  itemprop=\"text\" ><p style=\"text-align: center; margin-left: auto; margin-right: auto; max-width: 760px;\">Das Handlungsfeld Arbeit &amp; Psyche ist auf strategischer und operativer Unternehmensebene zu bearbeiten. Dies massgeschneidert f\u00fcr Ihren Bedarf, z.B. im Rahmen eines umfassenden betrieblichen Gesundheitsmanagements.<\/p>\n<\/div><\/section>\n<\/div><\/div><\/main><!-- close content main element --><\/div><\/div><\/div><div id='after_section_1'  class='main_color av_default_container_wrap container_wrap fullsize' style=' '  ><div class='container' ><div class='template-page content  av-content-full alpha units'><div class='post-entry post-entry-type-page post-entry-43'><div class='entry-content-wrapper clearfix'>\n<section class=\"av_textblock_section \"  itemscope=\"itemscope\" itemtype=\"https:\/\/schema.org\/CreativeWork\" ><div class='avia_textblock  '   itemprop=\"text\" ><p>Sie wollen im Handlungsfeld Arbeit &amp; Psyche mit innovativen Projekten, wirksamen Konzepten und KMU-tauglichen Massnahmen Erfolge erzielen? Von uns erhalten Sie massgeschneiderte Unterst\u00fctzung.<\/p>\n<p>Einige Beispiele unserer bisherigen und aktuellen T\u00e4tigkeit:<\/p>\n<p>Continget ist Partnerin der PKR\u00fcck AG, der Pensionskasse Nest und der PKG Pensionskasse im Projekt RiskTracker. Damit werden KMU im Thema Arbeit und Gesundheit strategisch und operativ begleitet. Unsere Leistungen beinhalten Analysen, Projektkonzeption und Budgetierung, Umsetzungsmassnahmen wie die Beratung von Vorgesetzen oder das Aufsetzen von Absenz- und Meldeprozessen sowie Controlling und Evaluation.<\/p>\n<p>Continget ber\u00e4t Fachorganisationen, die im Gebiet Arbeit &amp; Psyche Innovationen realisieren m\u00f6chten. Von 2018 bis Ende 2021 unterst\u00fctzten wir Niklas Baer und die Psychiatrie Baselland dabei, im eigens daf\u00fcr geschaffenen Kompetenzzentrum WorkMed neuartige Dienstleistungen aufzubauen. Die Realisation ist hervorragend gelungen: siehe <a href=\"http:\/\/workmed.ch\" target=\"_blank\" rel=\"noopener noreferrer\">workmed.ch.<\/a><\/p>\n<p>Seit Ende 2021 arbeitet Continget f\u00fcr ein auf Pr\u00e4vention und Reintegration spezialisiertes Unternehmen als Co-Projektleitung im Strategieprozess, von der Strategieentwicklung bis zur Umsetzungsbegleitung und zum Strategie-Controlling.<\/p>\n<p>In Zusammenarbeit mit der PKR\u00fcck AG und zwei Fachhochschulen durften wir 2021\/22 die externe Projektleitung f\u00fcr die <a href=\"https:\/\/www.continget.ch\/wp-content\/uploads\/2022\/09\/PK-Rueck-Wirksamkeitsstudie-Wiedereingliederung-2022-1.pdf\" target=\"_blank\" rel=\"noopener\">PK-Rueck-Wirksamkeitsstudie-Wiedereingliederung-2022-1<\/a> \u00fcbernehmen. Orientieren Sie sich darin \u00fcber datenbasierte, wissenschaftlich fundierte Erkenntnisse zur Vermeidung von Invalidit\u00e4tsf\u00e4llen im Schweizer Kontext.<\/p>\n<\/div><\/section>\n<div  style=' margin-top:30px; margin-bottom:20px;'  class='hr hr-custom hr-center hr-icon-no   avia-builder-el-5  el_after_av_textblock  el_before_av_one_third '><span class='hr-inner  inner-border-av-border-thin' style=' width:100%;' ><span class='hr-inner-style'><\/span><\/span><\/div>\n<div class=\"flex_column av_one_third  flex_column_div first  avia-builder-el-6  el_after_av_hr  el_before_av_one_third  \" ><div  class='avia-button-wrap avia-button-center  avia-builder-el-7  avia-builder-el-no-sibling ' ><a href='https:\/\/www.continget.ch\/?page_id=43' class='avia-button avia-button-fullwidth   avia-icon_select-no avia-color-custom '  style='color:#ffffff; background-color:#1e86c8; ' ><span class='avia_iconbox_title' >Beratung &amp; Entwicklung<\/span><span class='avia_button_background avia-button avia-button-fullwidth avia-color-custom' style='background-color:#007ac6;'><\/span><\/a><\/div><\/div>\n<div class=\"flex_column av_one_third  flex_column_div   avia-builder-el-8  el_after_av_one_third  el_before_av_one_third  \" ><div  class='avia-button-wrap avia-button-center  avia-builder-el-9  avia-builder-el-no-sibling ' ><a href='https:\/\/www.continget.ch\/?page_id=58' class='avia-button avia-button-fullwidth   avia-icon_select-no avia-color-custom '  style='color:#ffffff; background-color:#64bc54; ' ><span class='avia_iconbox_title' >Beteiligung &amp; F\u00fchrung<\/span><span class='avia_button_background avia-button avia-button-fullwidth avia-color-custom' style='background-color:#3dbc27;'><\/span><\/a><\/div><\/div>\n<div class=\"flex_column av_one_third  flex_column_div   avia-builder-el-10  el_after_av_one_third  el_before_av_one_third  \" ><div  class='avia-button-wrap avia-button-center  avia-builder-el-11  avia-builder-el-no-sibling ' ><a href='https:\/\/www.continget.ch\/?page_id=92' class='avia-button avia-button-fullwidth   avia-icon_select-no avia-color-custom '  style='color:#ffffff; background-color:#f7931d; ' ><span class='avia_iconbox_title' >Stiftung<\/span><span class='avia_button_background avia-button avia-button-fullwidth avia-color-custom' style='background-color:#f78300;'><\/span><\/a><\/div><\/div>\n<div class=\"flex_column av_one_third  flex_column_div first  avia-builder-el-12  el_after_av_one_third  el_before_av_one_third  column-top-margin\" ><div  class='avia-button-wrap avia-button-center  avia-builder-el-13  avia-builder-el-no-sibling ' ><a href='https:\/\/www.continget.ch\/?page_id=252' class='avia-button avia-button-fullwidth   avia-icon_select-no avia-color-custom '  style='color:#0a0a0a; background-color:#f4f4f4; ' ><span class='avia_iconbox_title' >Kompetenzen<\/span><span class='avia_button_background avia-button avia-button-fullwidth avia-color-custom' style='background-color:#e8e8e8;'><\/span><\/a><\/div><\/div>\n<div class=\"flex_column av_one_third  flex_column_div   avia-builder-el-14  el_after_av_one_third  el_before_av_one_third  column-top-margin\" ><div  class='avia-button-wrap avia-button-center  avia-builder-el-15  avia-builder-el-no-sibling ' ><a href='https:\/\/www.continget.ch\/?page_id=239' class='avia-button avia-button-fullwidth   avia-icon_select-yes-left-icon avia-color-custom '  style='color:#0a0a0a; background-color:#f4f4f4; ' ><span class='avia_button_icon avia_button_icon_left' aria-hidden='true' data-av_icon='\ue805' data-av_iconfont='entypo-fontello'><\/span><span class='avia_iconbox_title' >Kontakt<\/span><span class='avia_button_background avia-button avia-button-fullwidth avia-color-custom' style='background-color:#e8e8e8;'><\/span><\/a><\/div><\/div>\n<div class=\"flex_column av_one_third  flex_column_div   avia-builder-el-16  el_after_av_one_third  avia-builder-el-last  column-top-margin\" ><div  class='avia-button-wrap avia-button-center  avia-builder-el-17  avia-builder-el-no-sibling ' ><a href='https:\/\/www.continget.ch\/?page_id=224' class='avia-button avia-button-fullwidth   avia-icon_select-no avia-color-custom '  style='color:#0a0a0a; background-color:#f4f4f4; ' ><span class='avia_iconbox_title' >Team &amp; Netzwerk<\/span><span class='avia_button_background avia-button avia-button-fullwidth avia-color-custom' style='background-color:#e8e8e8;'><\/span><\/a><\/div><\/div>\n","protected":false},"excerpt":{"rendered":"","protected":false},"author":4,"featured_media":0,"parent":0,"menu_order":0,"comment_status":"closed","ping_status":"closed","template":"","meta":{"footnotes":""},"class_list":["post-43","page","type-page","status-publish","hentry"],"_links":{"self":[{"href":"https:\/\/www.continget.ch\/index.php?rest_route=\/wp\/v2\/pages\/43","targetHints":{"allow":["GET"]}}],"collection":[{"href":"https:\/\/www.continget.ch\/index.php?rest_route=\/wp\/v2\/pages"}],"about":[{"href":"https:\/\/www.continget.ch\/index.php?rest_route=\/wp\/v2\/types\/page"}],"author":[{"embeddable":true,"href":"https:\/\/www.continget.ch\/index.php?rest_route=\/wp\/v2\/users\/4"}],"replies":[{"embeddable":true,"href":"https:\/\/www.continget.ch\/index.php?rest_route=%2Fwp%2Fv2%2Fcomments&post=43"}],"version-history":[{"count":67,"href":"https:\/\/www.continget.ch\/index.php?rest_route=\/wp\/v2\/pages\/43\/revisions"}],"predecessor-version":[{"id":407,"href":"https:\/\/www.continget.ch\/index.php?rest_route=\/wp\/v2\/pages\/43\/revisions\/407"}],"wp:attachment":[{"href":"https:\/\/www.continget.ch\/index.php?rest_route=%2Fwp%2Fv2%2Fmedia&parent=43"}],"curies":[{"name":"wp","href":"https:\/\/api.w.org\/{rel}","templated":true}]}}