{"id":58,"date":"2015-04-08T10:19:46","date_gmt":"2015-04-08T08:19:46","guid":{"rendered":"http:\/\/www.continget.ch\/?page_id=58"},"modified":"2025-08-19T15:37:17","modified_gmt":"2025-08-19T13:37:17","slug":"beteiligung-und-fuehrung","status":"publish","type":"page","link":"https:\/\/www.continget.ch\/?page_id=58","title":{"rendered":"Beteiligung &#038; F\u00fchrung"},"content":{"rendered":"<div id='av_section_1'  class='avia-section main_color avia-section-default avia-no-shadow  avia-full-stretch av-section-color-overlay-active avia-bg-style-fixed  avia-builder-el-0  el_before_av_textblock  avia-builder-el-first   av-minimum-height av-minimum-height-50  container_wrap fullsize' style='background-repeat: no-repeat; background-image: url(https:\/\/www.continget.ch\/wp-content\/uploads\/2015\/04\/dach2_1280.jpg);background-attachment: fixed; background-position: bottom center;  '  data-section-bg-repeat='stretch' data-av_minimum_height_pc='50'><div class='av-section-color-overlay-wrap'><div class='av-section-color-overlay' style='opacity: 0.9; background-color: #64bc54; '><\/div><div class='container' ><main  role=\"main\" itemprop=\"mainContentOfPage\"  class='template-page content  av-content-full alpha units'><div class='post-entry post-entry-type-page post-entry-58'><div class='entry-content-wrapper clearfix'>\n<section class=\"av_textblock_section \"  itemscope=\"itemscope\" itemtype=\"https:\/\/schema.org\/CreativeWork\" ><div class='avia_textblock  '   itemprop=\"text\" ><h1 style=\"text-align: center; margin-left: auto; margin-right: auto; max-width: 760px;\">Beteiligung &amp; F\u00fchrung<\/h1>\n<\/div><\/section>\n<div  style='height:10px' class='hr hr-invisible   avia-builder-el-2  el_after_av_textblock  el_before_av_textblock '><span class='hr-inner ' ><span class='hr-inner-style'><\/span><\/span><\/div>\n<section class=\"av_textblock_section \"  itemscope=\"itemscope\" itemtype=\"https:\/\/schema.org\/CreativeWork\" ><div class='avia_textblock  av_inherit_color '  style='color:#ffffff; '  itemprop=\"text\" ><p style=\"text-align: center; margin-left: auto; margin-right: auto; max-width: 760px;\">Ein professioneller, innovativer Umgang mit dem Themenkreis Arbeit &amp; Psyche schafft\u00a0 in Unternehmen und Organisationen Mehrwert und neue Werte. Um diese zu verankern, \u00fcbernehmen wir\u00a0F\u00fchrungsaufgaben und Verantwortung.<\/p>\n<\/div><\/section>\n<\/div><\/div><\/main><!-- close content main element --><\/div><\/div><\/div><div id='after_section_1'  class='main_color av_default_container_wrap container_wrap fullsize' style=' '  ><div class='container' ><div class='template-page content  av-content-full alpha units'><div class='post-entry post-entry-type-page post-entry-58'><div class='entry-content-wrapper clearfix'>\n<section class=\"av_textblock_section \"  itemscope=\"itemscope\" itemtype=\"https:\/\/schema.org\/CreativeWork\" ><div class='avia_textblock  '   itemprop=\"text\" ><p>Suchen Sie eine Partnerin, die Verantwortung \u00fcbernimmt und mit Ihnen Ihr Unternehmen und Ihre Projekte weiterentwickelt? Continget engagiert sich in Organisationen, die das Thema Arbeit &amp; Psyche auf die strategische Agenda setzen. Wir \u00fcbernehmen in Verwaltungsrat oder Vorstand Verantwortung. Wir beteiligen uns auch als Aktion\u00e4rin.<\/p>\n<p>Arbeit &amp; Psyche ist unser Fokus. Zus\u00e4tzlich profitieren Sie von unserer Erfahrung in Unternehmensentwicklung, z.B. beim Aufbau neuer Dienstleistungen, im HR-Management, in der Bew\u00e4ltigung von Pionierphasen, in Finanzen und Recht.<\/p>\n<p>Seit 2020 ist Continget Partner, seit 2021 Mitinhaberin von <a href=\"http:\/\/www.pia-planer.ch\" target=\"_blank\" rel=\"noopener\">pia, der flinken Einsatzplanerin.<\/a> Das junge Unternehmen bietet innovative L\u00f6sungen f\u00fcr die automatisierte Personalplanung. Hauptinhaber Mischa Steiner und Continget erg\u00e4nzen sich ideal: f\u00fcr die erfolgreiche Bew\u00e4ltigung der Aufbauphase und f\u00fcr den besonderen Fokus auf HR-Management und Gesundheit.<\/p>\n<p>Eine enge Zusammenarbeit pflegen wir mit dem Unternehmen <a href=\"http:\/\/www.spfplus.ch\" target=\"_blank\" rel=\"noopener\">SpFplus<\/a>, dessen Kerngebiet die sozialp\u00e4dagogische Familienbegleitung ist. Psychische Gesundheit steht in mehrfacher Hinsicht auf der strategischen Agenda: einerseits mit Blick auf die begleiteten Familien und Kinder, die oft grossen Belastungen ausgesetzt sind. Andererseits mit Blick auf die SpFplus-Mitarbeitenden, die von ihrer Arbeitgeberin bei gesundheitlichen Belastungen optimal unterst\u00fctzt werden sollen.<\/p>\n<p>2016 bis 2020 war Continget Aktion\u00e4rin und Teil der F\u00fchrung der <a href=\"http:\/\/www.captum.ch\" target=\"_blank\" rel=\"noopener\">Captum AG<\/a>. Das KMU im Bereich Digitalisierung\/Scanning entwickelte ab 2016 einen zus\u00e4tzlichen Strategie-Schwerpunkt Mental Health. Lesen Sie unseren Erfahrungsbericht <a href=\"https:\/\/www.continget.ch\/wp-content\/uploads\/2020\/12\/Captum_5-Jahre-Social-Entrepreneurship-in-5-Kapiteln.pdf\">5 Jahre Social Entrepreneurship in 5 Kapiteln.<\/a><\/p>\n<p>Erfahren Sie mehr zu Nutzen und Vorgehen bez\u00fcglich einer Partnerschaft mit uns: <img loading=\"lazy\" decoding=\"async\" class=\"alignnone size-full wp-image-444\" src=\"https:\/\/www.continget.ch\/wp-content\/uploads\/2015\/04\/ic_play_arrow_blue_24dp_2x.png\" alt=\"ic_play_arrow_blue_24dp_2x\" width=\"16\" height=\"16\" srcset=\"https:\/\/www.continget.ch\/wp-content\/uploads\/2015\/04\/ic_play_arrow_blue_24dp_2x.png 48w, https:\/\/www.continget.ch\/wp-content\/uploads\/2015\/04\/ic_play_arrow_blue_24dp_2x-36x36.png 36w\" sizes=\"auto, (max-width: 16px) 100vw, 16px\" \/><a href=\"https:\/\/www.continget.ch\/wp-content\/uploads\/2025\/08\/Inputpapier-Beteiligung.pdf\" target=\"_blank\" rel=\"noopener\">Inputpapier\u00a0F\u00fchrung &amp; Beteiligung.<\/a><\/p>\n<\/div><\/section>\n<div  style=' margin-top:30px; margin-bottom:20px;'  class='hr hr-custom hr-center hr-icon-no   avia-builder-el-5  el_after_av_textblock  el_before_av_one_third '><span class='hr-inner  inner-border-av-border-thin' style=' width:100%;' ><span class='hr-inner-style'><\/span><\/span><\/div>\n<div class=\"flex_column av_one_third  flex_column_div first  avia-builder-el-6  el_after_av_hr  el_before_av_one_third  \" ><div  class='avia-button-wrap avia-button-center  avia-builder-el-7  avia-builder-el-no-sibling ' ><a href='https:\/\/www.continget.ch\/?page_id=43' class='avia-button avia-button-fullwidth   avia-icon_select-no avia-color-custom '  style='color:#ffffff; background-color:#1e86c8; ' ><span class='avia_iconbox_title' >Beratung &amp; Entwicklung<\/span><span class='avia_button_background avia-button avia-button-fullwidth avia-color-custom' style='background-color:#007ac6;'><\/span><\/a><\/div><\/div>\n<div class=\"flex_column av_one_third  flex_column_div   avia-builder-el-8  el_after_av_one_third  el_before_av_one_third  \" ><div  class='avia-button-wrap avia-button-center  avia-builder-el-9  avia-builder-el-no-sibling ' ><a href='https:\/\/www.continget.ch\/?page_id=58' class='avia-button avia-button-fullwidth   avia-icon_select-no avia-color-custom '  style='color:#ffffff; background-color:#64bc54; ' ><span class='avia_iconbox_title' >Beteiligung &amp; F\u00fchrung<\/span><span class='avia_button_background avia-button avia-button-fullwidth avia-color-custom' style='background-color:#3dbc27;'><\/span><\/a><\/div><\/div>\n<div class=\"flex_column av_one_third  flex_column_div   avia-builder-el-10  el_after_av_one_third  el_before_av_one_third  \" ><div  class='avia-button-wrap avia-button-center  avia-builder-el-11  avia-builder-el-no-sibling ' ><a href='https:\/\/www.continget.ch\/?page_id=92' class='avia-button avia-button-fullwidth   avia-icon_select-no avia-color-custom '  style='color:#ffffff; background-color:#f7931d; ' ><span class='avia_iconbox_title' >Stiftung<\/span><span class='avia_button_background avia-button avia-button-fullwidth avia-color-custom' style='background-color:#f78300;'><\/span><\/a><\/div><\/div>\n<div class=\"flex_column av_one_third  flex_column_div first  avia-builder-el-12  el_after_av_one_third  el_before_av_one_third  column-top-margin\" ><div  class='avia-button-wrap avia-button-center  avia-builder-el-13  avia-builder-el-no-sibling ' ><a href='https:\/\/www.continget.ch\/?page_id=252' class='avia-button avia-button-fullwidth   avia-icon_select-no avia-color-custom '  style='color:#0a0a0a; background-color:#f4f4f4; ' ><span class='avia_iconbox_title' >Kompetenzen<\/span><span class='avia_button_background avia-button avia-button-fullwidth avia-color-custom' style='background-color:#e8e8e8;'><\/span><\/a><\/div><\/div>\n<div class=\"flex_column av_one_third  flex_column_div   avia-builder-el-14  el_after_av_one_third  el_before_av_one_third  column-top-margin\" ><div  class='avia-button-wrap avia-button-center  avia-builder-el-15  avia-builder-el-no-sibling ' ><a href='https:\/\/www.continget.ch\/?page_id=239' class='avia-button avia-button-fullwidth   avia-icon_select-yes-left-icon avia-color-custom '  style='color:#0a0a0a; background-color:#f4f4f4; ' ><span class='avia_button_icon avia_button_icon_left' aria-hidden='true' data-av_icon='\ue805' data-av_iconfont='entypo-fontello'><\/span><span class='avia_iconbox_title' >Kontakt<\/span><span class='avia_button_background avia-button avia-button-fullwidth avia-color-custom' style='background-color:#e8e8e8;'><\/span><\/a><\/div><\/div>\n<div class=\"flex_column av_one_third  flex_column_div   avia-builder-el-16  el_after_av_one_third  avia-builder-el-last  column-top-margin\" ><div  class='avia-button-wrap avia-button-center  avia-builder-el-17  avia-builder-el-no-sibling ' ><a href='https:\/\/www.continget.ch\/?page_id=224' class='avia-button avia-button-fullwidth   avia-icon_select-no avia-color-custom '  style='color:#0a0a0a; background-color:#f4f4f4; ' ><span class='avia_iconbox_title' >Team &amp; Netzwerk<\/span><span class='avia_button_background avia-button avia-button-fullwidth avia-color-custom' style='background-color:#e8e8e8;'><\/span><\/a><\/div><\/div>\n","protected":false},"excerpt":{"rendered":"","protected":false},"author":4,"featured_media":0,"parent":0,"menu_order":0,"comment_status":"closed","ping_status":"closed","template":"","meta":{"footnotes":""},"class_list":["post-58","page","type-page","status-publish","hentry"],"_links":{"self":[{"href":"https:\/\/www.continget.ch\/index.php?rest_route=\/wp\/v2\/pages\/58","targetHints":{"allow":["GET"]}}],"collection":[{"href":"https:\/\/www.continget.ch\/index.php?rest_route=\/wp\/v2\/pages"}],"about":[{"href":"https:\/\/www.continget.ch\/index.php?rest_route=\/wp\/v2\/types\/page"}],"author":[{"embeddable":true,"href":"https:\/\/www.continget.ch\/index.php?rest_route=\/wp\/v2\/users\/4"}],"replies":[{"embeddable":true,"href":"https:\/\/www.continget.ch\/index.php?rest_route=%2Fwp%2Fv2%2Fcomments&post=58"}],"version-history":[{"count":69,"href":"https:\/\/www.continget.ch\/index.php?rest_route=\/wp\/v2\/pages\/58\/revisions"}],"predecessor-version":[{"id":389,"href":"https:\/\/www.continget.ch\/index.php?rest_route=\/wp\/v2\/pages\/58\/revisions\/389"}],"wp:attachment":[{"href":"https:\/\/www.continget.ch\/index.php?rest_route=%2Fwp%2Fv2%2Fmedia&parent=58"}],"curies":[{"name":"wp","href":"https:\/\/api.w.org\/{rel}","templated":true}]}}